{"id":112,"date":"2020-06-20T17:33:58","date_gmt":"2020-06-20T17:33:58","guid":{"rendered":"http:\/\/selberrepair.de\/?post_type=product&#038;p=112"},"modified":"2020-06-20T18:10:38","modified_gmt":"2020-06-20T18:10:38","slug":"grohe-innenoberteil-34-zoll-fuer-wandeinbauventil","status":"publish","type":"product","link":"https:\/\/selberrepair.de\/?product=grohe-innenoberteil-34-zoll-fuer-wandeinbauventil","title":{"rendered":"GROHE Innenoberteil 34 Zoll, f\u00fcr Wandeinbauventil"},"content":{"rendered":"<h4><\/h4>\n<h4><\/h4>\n<h4>GROHE Oberteil 07025 f\u00fcr UP-Ventil mit kurzer Spindel 3\/4&#8243;<\/h4>\n<p>GROHE Unterputz-Oberteil, 3\/4&#8220;, kurze Spindel f\u00fcr Griffe 1\/2&#8220;, f\u00fcr UP-Ventile 3\/4&#8220;<br \/>\nKartongr\u00f6\u00dfe 5 St\u00fcck<\/p>\n<ul>\n<li>Unterputz-Oberteil, 3\/4&#8220;<\/li>\n<li>kurze Spindel f\u00fcr Griffe 1\/2&#8220;<\/li>\n<li>f\u00fcr UP-Ventile 3\/4&#8220;<\/li>\n<li>Kartongr\u00f6\u00dfe 5 St\u00fcck<\/li>\n<\/ul>\n","protected":false},"excerpt":{"rendered":"<h4>GROHE Oberteil 07025 f\u00fcr UP-Ventil mit kurzer Spindel 3\/4&#8243;<\/h4>\n<p>GROHE Unterputz-Oberteil, 3\/4&#8220;, kurze Spindel f\u00fcr Griffe 1\/2&#8220;, f\u00fcr UP-Ventile 3\/4&#8220;<br \/>\nKartongr\u00f6\u00dfe 5 St\u00fcck<\/p>\n<ul>\n<li>Unterputz-Oberteil, 3\/4&#8220;<\/li>\n<li>kurze Spindel f\u00fcr Griffe 1\/2&#8220;<\/li>\n<li>f\u00fcr UP-Ventile 3\/4&#8220;<\/li>\n<li>Kartongr\u00f6\u00dfe 5 St\u00fcck<\/li>\n<\/ul>\n","protected":false},"featured_media":0,"comment_status":"open","ping_status":"closed","template":"","meta":{"spay_email":""},"yoast_head":"<!-- This site is optimized with the Yoast SEO plugin v16.1.1 - https:\/\/yoast.com\/wordpress\/plugins\/seo\/ -->\n<title>GROHE Innenoberteil 34 Zoll, f\u00fcr Wandeinbauventil - selberrepair.de<\/title>\n<link rel=\"canonical\" href=\"https:\/\/selberrepair.de\/?product=grohe-innenoberteil-34-zoll-fuer-wandeinbauventil\" \/>\n<meta property=\"og:locale\" content=\"de_DE\" \/>\n<meta property=\"og:type\" content=\"article\" \/>\n<meta property=\"og:title\" content=\"GROHE Innenoberteil 34 Zoll, f\u00fcr Wandeinbauventil - selberrepair.de\" \/>\n<meta property=\"og:description\" content=\"GROHE Oberteil 07025 f\u00fcr UP-Ventil mit kurzer Spindel 3\/4&quot; GROHE Unterputz-Oberteil, 3\/4&#039;&#039;, kurze Spindel f\u00fcr Griffe 1\/2&#039;&#039;, f\u00fcr UP-Ventile 3\/4&#039;&#039; Kartongr\u00f6\u00dfe 5 St\u00fcck   Unterputz-Oberteil, 3\/4&#039;&#039;  kurze Spindel f\u00fcr Griffe 1\/2&#039;&#039;  f\u00fcr UP-Ventile 3\/4&#039;&#039;  Kartongr\u00f6\u00dfe 5 St\u00fcck\" \/>\n<meta property=\"og:url\" content=\"https:\/\/selberrepair.de\/?product=grohe-innenoberteil-34-zoll-fuer-wandeinbauventil\" \/>\n<meta property=\"og:site_name\" content=\"selberrepair.de\" \/>\n<meta property=\"article:modified_time\" content=\"2020-06-20T18:10:38+00:00\" \/>\n<meta name=\"twitter:card\" content=\"summary_large_image\" \/>\n<script type=\"application\/ld+json\" class=\"yoast-schema-graph\">{\"@context\":\"https:\/\/schema.org\",\"@graph\":[{\"@type\":\"WebSite\",\"@id\":\"http:\/\/selberrepair.de\/#website\",\"url\":\"http:\/\/selberrepair.de\/\",\"name\":\"selberrepair.de\",\"description\":\"\",\"potentialAction\":[{\"@type\":\"SearchAction\",\"target\":\"http:\/\/selberrepair.de\/?s={search_term_string}\",\"query-input\":\"required name=search_term_string\"}],\"inLanguage\":\"de\"},{\"@type\":\"WebPage\",\"@id\":\"https:\/\/selberrepair.de\/?product=grohe-innenoberteil-34-zoll-fuer-wandeinbauventil#webpage\",\"url\":\"https:\/\/selberrepair.de\/?product=grohe-innenoberteil-34-zoll-fuer-wandeinbauventil\",\"name\":\"GROHE Innenoberteil 34 Zoll, f\\u00fcr Wandeinbauventil - selberrepair.de\",\"isPartOf\":{\"@id\":\"http:\/\/selberrepair.de\/#website\"},\"datePublished\":\"2020-06-20T17:33:58+00:00\",\"dateModified\":\"2020-06-20T18:10:38+00:00\",\"breadcrumb\":{\"@id\":\"https:\/\/selberrepair.de\/?product=grohe-innenoberteil-34-zoll-fuer-wandeinbauventil#breadcrumb\"},\"inLanguage\":\"de\",\"potentialAction\":[{\"@type\":\"ReadAction\",\"target\":[\"https:\/\/selberrepair.de\/?product=grohe-innenoberteil-34-zoll-fuer-wandeinbauventil\"]}]},{\"@type\":\"BreadcrumbList\",\"@id\":\"https:\/\/selberrepair.de\/?product=grohe-innenoberteil-34-zoll-fuer-wandeinbauventil#breadcrumb\",\"itemListElement\":[{\"@type\":\"ListItem\",\"position\":1,\"item\":{\"@type\":\"WebPage\",\"@id\":\"http:\/\/selberrepair.de\/\",\"url\":\"http:\/\/selberrepair.de\/\",\"name\":\"Startseite\"}},{\"@type\":\"ListItem\",\"position\":2,\"item\":{\"@type\":\"WebPage\",\"@id\":\"https:\/\/selberrepair.de\/?page_id=99\",\"url\":\"https:\/\/selberrepair.de\/?page_id=99\",\"name\":\"Shop\"}},{\"@type\":\"ListItem\",\"position\":3,\"item\":{\"@type\":\"WebPage\",\"@id\":\"https:\/\/selberrepair.de\/?product=grohe-innenoberteil-34-zoll-fuer-wandeinbauventil\",\"url\":\"https:\/\/selberrepair.de\/?product=grohe-innenoberteil-34-zoll-fuer-wandeinbauventil\",\"name\":\"GROHE Innenoberteil 34 Zoll, f\\u00fcr Wandeinbauventil\"}}]}]}<\/script>\n<!-- \/ Yoast SEO plugin. -->","_links":{"self":[{"href":"https:\/\/selberrepair.de\/index.php?rest_route=\/wp\/v2\/product\/112"}],"collection":[{"href":"https:\/\/selberrepair.de\/index.php?rest_route=\/wp\/v2\/product"}],"about":[{"href":"https:\/\/selberrepair.de\/index.php?rest_route=\/wp\/v2\/types\/product"}],"replies":[{"embeddable":true,"href":"https:\/\/selberrepair.de\/index.php?rest_route=%2Fwp%2Fv2%2Fcomments&post=112"}],"wp:attachment":[{"href":"https:\/\/selberrepair.de\/index.php?rest_route=%2Fwp%2Fv2%2Fmedia&parent=112"}],"curies":[{"name":"wp","href":"https:\/\/api.w.org\/{rel}","templated":true}]}}