{"id":7,"date":"2020-06-19T14:46:42","date_gmt":"2020-06-19T14:46:42","guid":{"rendered":"http:\/\/selberrepair.de\/?page_id=7"},"modified":"2020-09-16T08:58:50","modified_gmt":"2020-09-16T08:58:50","slug":"home","status":"publish","type":"page","link":"https:\/\/selberrepair.de\/","title":{"rendered":"Home"},"content":{"rendered":"\t\t<div data-elementor-type=\"wp-page\" data-elementor-id=\"7\" class=\"elementor elementor-7\" data-elementor-settings=\"[]\">\n\t\t\t\t\t\t<div class=\"elementor-inner\">\n\t\t\t\t\t\t\t<div class=\"elementor-section-wrap\">\n\t\t\t\t\t\t\t<section class=\"elementor-section elementor-top-section elementor-element elementor-element-216285e3 elementor-section-height-min-height elementor-section-boxed elementor-section-height-default elementor-section-items-middle\" data-id=\"216285e3\" data-element_type=\"section\" data-settings=\"{&quot;background_background&quot;:&quot;slideshow&quot;,&quot;background_slideshow_gallery&quot;:[{&quot;id&quot;:151,&quot;url&quot;:&quot;http:\\\/\\\/selberrepair.de\\\/wp-content\\\/uploads\\\/2020\\\/06\\\/floor-plan-on-table1800.jpg&quot;}],&quot;background_slideshow_loop&quot;:&quot;yes&quot;,&quot;background_slideshow_slide_duration&quot;:5000,&quot;background_slideshow_slide_transition&quot;:&quot;fade&quot;,&quot;background_slideshow_transition_duration&quot;:500}\">\n\t\t\t\t\t\t\t<div class=\"elementor-background-overlay\"><\/div>\n\t\t\t\t\t\t\t<div class=\"elementor-container elementor-column-gap-default\">\n\t\t\t\t\t\t\t<div class=\"elementor-row\">\n\t\t\t\t\t<div class=\"elementor-column elementor-col-100 elementor-top-column elementor-element elementor-element-2e186dac\" data-id=\"2e186dac\" data-element_type=\"column\">\n\t\t\t<div class=\"elementor-column-wrap elementor-element-populated\">\n\t\t\t\t\t\t\t<div class=\"elementor-widget-wrap\">\n\t\t\t\t\t\t<div class=\"elementor-element elementor-element-106ccb9 elementor-widget elementor-widget-text-editor\" data-id=\"106ccb9\" data-element_type=\"widget\" data-widget_type=\"text-editor.default\">\n\t\t\t\t<div class=\"elementor-widget-container\">\n\t\t\t\t\t<div class=\"elementor-text-editor elementor-clearfix\"><h1>\u00a0<\/h1><h1>Hier will ich euch zeigen das mann fast alles selber reparieren kann\u00a0<\/h1><\/div>\n\t\t\t\t<\/div>\n\t\t\t\t<\/div>\n\t\t\t\t<div class=\"elementor-element elementor-element-2983e102 elementor-widget-divider--view-line elementor-widget elementor-widget-divider\" data-id=\"2983e102\" data-element_type=\"widget\" data-widget_type=\"divider.default\">\n\t\t\t\t<div class=\"elementor-widget-container\">\n\t\t\t\t\t<div class=\"elementor-divider\">\n\t\t\t<span class=\"elementor-divider-separator\">\n\t\t\t\t\t\t<\/span>\n\t\t<\/div>\n\t\t\t\t<\/div>\n\t\t\t\t<\/div>\n\t\t\t\t<div class=\"elementor-element elementor-element-69c49a0 elementor-widget elementor-widget-text-editor\" data-id=\"69c49a0\" data-element_type=\"widget\" data-widget_type=\"text-editor.default\">\n\t\t\t\t<div class=\"elementor-widget-container\">\n\t\t\t\t\t<div class=\"elementor-text-editor elementor-clearfix\"><p>Ich werde einzelne Projekte mit der zeit in den jeweiligen Rubriken einstellen das wirt aber einige zeit in ansprach n\u00e4hmen da ich auch Berufst\u00e4tige bin.<\/p><\/div>\n\t\t\t\t<\/div>\n\t\t\t\t<\/div>\n\t\t\t\t\t\t<\/div>\n\t\t\t\t\t<\/div>\n\t\t<\/div>\n\t\t\t\t\t\t\t\t<\/div>\n\t\t\t\t\t<\/div>\n\t\t<\/section>\n\t\t\t\t<section class=\"elementor-section elementor-top-section elementor-element elementor-element-3eadfbac elementor-section-boxed elementor-section-height-default elementor-section-height-default\" data-id=\"3eadfbac\" data-element_type=\"section\" data-settings=\"{&quot;background_background&quot;:&quot;classic&quot;}\">\n\t\t\t\t\t\t<div class=\"elementor-container elementor-column-gap-default\">\n\t\t\t\t\t\t\t<div class=\"elementor-row\">\n\t\t\t\t\t<div class=\"elementor-column elementor-col-100 elementor-top-column elementor-element elementor-element-1631ebd5\" data-id=\"1631ebd5\" data-element_type=\"column\">\n\t\t\t<div class=\"elementor-column-wrap elementor-element-populated\">\n\t\t\t\t\t\t\t<div class=\"elementor-widget-wrap\">\n\t\t\t\t\t\t<div class=\"elementor-element elementor-element-294b03b4 elementor-arrows-position-outside elementor-widget elementor-widget-image-carousel\" data-id=\"294b03b4\" data-element_type=\"widget\" data-settings=\"{&quot;slides_to_show&quot;:&quot;6&quot;,&quot;slides_to_scroll&quot;:&quot;2&quot;,&quot;navigation&quot;:&quot;arrows&quot;,&quot;image_spacing_custom&quot;:{&quot;unit&quot;:&quot;px&quot;,&quot;size&quot;:78,&quot;sizes&quot;:[]},&quot;autoplay_speed&quot;:1000,&quot;speed&quot;:400,&quot;autoplay&quot;:&quot;yes&quot;,&quot;pause_on_hover&quot;:&quot;yes&quot;,&quot;pause_on_interaction&quot;:&quot;yes&quot;,&quot;infinite&quot;:&quot;yes&quot;}\" data-widget_type=\"image-carousel.default\">\n\t\t\t\t<div class=\"elementor-widget-container\">\n\t\t\t\t\t<div class=\"elementor-image-carousel-wrapper swiper-container\" dir=\"ltr\">\n\t\t\t<div class=\"elementor-image-carousel swiper-wrapper\">\n\t\t\t\t<div class=\"swiper-slide\"><figure class=\"swiper-slide-inner\"><img decoding=\"async\" class=\"swiper-slide-image\" src=\"https:\/\/selberrepair.de\/wp-content\/uploads\/2020\/06\/armond-1.png\" alt=\"armond-1.png\" \/><\/figure><\/div><div class=\"swiper-slide\"><figure class=\"swiper-slide-inner\"><img decoding=\"async\" class=\"swiper-slide-image\" src=\"https:\/\/selberrepair.de\/wp-content\/uploads\/2020\/06\/x.venox_.png\" alt=\"x.venox_.png\" \/><\/figure><\/div><div class=\"swiper-slide\"><figure class=\"swiper-slide-inner\"><img decoding=\"async\" class=\"swiper-slide-image\" src=\"https:\/\/selberrepair.de\/wp-content\/uploads\/2020\/06\/geo.png\" alt=\"geo.png\" \/><\/figure><\/div><div class=\"swiper-slide\"><figure class=\"swiper-slide-inner\"><img decoding=\"async\" class=\"swiper-slide-image\" src=\"https:\/\/selberrepair.de\/wp-content\/uploads\/2020\/06\/bolier.png\" alt=\"bolier.png\" \/><\/figure><\/div><div class=\"swiper-slide\"><figure class=\"swiper-slide-inner\"><img decoding=\"async\" class=\"swiper-slide-image\" src=\"https:\/\/selberrepair.de\/wp-content\/uploads\/2020\/06\/mapmaster.png\" alt=\"mapmaster.png\" \/><\/figure><\/div><div class=\"swiper-slide\"><figure class=\"swiper-slide-inner\"><img decoding=\"async\" class=\"swiper-slide-image\" src=\"https:\/\/selberrepair.de\/wp-content\/uploads\/2020\/06\/darkside.png\" alt=\"darkside.png\" \/><\/figure><\/div><div class=\"swiper-slide\"><figure class=\"swiper-slide-inner\"><img decoding=\"async\" class=\"swiper-slide-image\" src=\"https:\/\/selberrepair.de\/wp-content\/uploads\/2020\/06\/digit.png\" alt=\"digit.png\" \/><\/figure><\/div><div class=\"swiper-slide\"><figure class=\"swiper-slide-inner\"><img decoding=\"async\" class=\"swiper-slide-image\" src=\"https:\/\/selberrepair.de\/wp-content\/uploads\/2020\/06\/GROHE_logo.jpg\" alt=\"GROHE_logo\" \/><\/figure><\/div><div class=\"swiper-slide\"><figure class=\"swiper-slide-inner\"><img decoding=\"async\" class=\"swiper-slide-image\" src=\"https:\/\/selberrepair.de\/wp-content\/uploads\/2020\/06\/hansgrohe1.jpg\" alt=\"hansgrohe1\" \/><\/figure><\/div><div class=\"swiper-slide\"><figure class=\"swiper-slide-inner\"><img decoding=\"async\" class=\"swiper-slide-image\" src=\"https:\/\/selberrepair.de\/wp-content\/uploads\/2020\/06\/geberit-250x140-1.jpg\" alt=\"geberit 250x140\" \/><\/figure><\/div>\t\t\t<\/div>\n\t\t\t\t\t\t\t\t\t\t\t\t\t\t\t\t<div class=\"elementor-swiper-button elementor-swiper-button-prev\">\n\t\t\t\t\t\t<i class=\"eicon-chevron-left\" aria-hidden=\"true\"><\/i>\n\t\t\t\t\t\t<span class=\"elementor-screen-only\">Zur\u00fcck<\/span>\n\t\t\t\t\t<\/div>\n\t\t\t\t\t<div class=\"elementor-swiper-button elementor-swiper-button-next\">\n\t\t\t\t\t\t<i class=\"eicon-chevron-right\" aria-hidden=\"true\"><\/i>\n\t\t\t\t\t\t<span class=\"elementor-screen-only\">Weiter<\/span>\n\t\t\t\t\t<\/div>\n\t\t\t\t\t\t\t\t\t<\/div>\n\t\t\t\t<\/div>\n\t\t\t\t<\/div>\n\t\t\t\t\t\t<\/div>\n\t\t\t\t\t<\/div>\n\t\t<\/div>\n\t\t\t\t\t\t\t\t<\/div>\n\t\t\t\t\t<\/div>\n\t\t<\/section>\n\t\t\t\t<section class=\"elementor-section elementor-top-section elementor-element elementor-element-03ffb01 elementor-section-full_width elementor-section-height-default elementor-section-height-default\" data-id=\"03ffb01\" data-element_type=\"section\">\n\t\t\t\t\t\t<div class=\"elementor-container elementor-column-gap-no\">\n\t\t\t\t\t\t\t<div class=\"elementor-row\">\n\t\t\t\t\t<div class=\"elementor-column elementor-col-100 elementor-top-column elementor-element elementor-element-50d50ea\" data-id=\"50d50ea\" data-element_type=\"column\">\n\t\t\t<div class=\"elementor-column-wrap elementor-element-populated\">\n\t\t\t\t\t\t\t<div class=\"elementor-widget-wrap\">\n\t\t\t\t\t\t<div class=\"elementor-element elementor-element-b75203c elementor-widget elementor-widget-text-editor\" data-id=\"b75203c\" data-element_type=\"widget\" data-widget_type=\"text-editor.default\">\n\t\t\t\t<div class=\"elementor-widget-container\">\n\t\t\t\t\t<div class=\"elementor-text-editor elementor-clearfix\"><h1>\u00a0<\/h1><h1>Hier will ich euch zeigen das mann fast alles selber reparieren kann\u00a0<\/h1><\/div>\n\t\t\t\t<\/div>\n\t\t\t\t<\/div>\n\t\t\t\t<div class=\"elementor-element elementor-element-3ca1f80 elementor-widget elementor-widget-text-editor\" data-id=\"3ca1f80\" data-element_type=\"widget\" data-widget_type=\"text-editor.default\">\n\t\t\t\t<div class=\"elementor-widget-container\">\n\t\t\t\t\t<div class=\"elementor-text-editor elementor-clearfix\"><\/div>\n\t\t\t\t<\/div>\n\t\t\t\t<\/div>\n\t\t\t\t\t\t<\/div>\n\t\t\t\t\t<\/div>\n\t\t<\/div>\n\t\t\t\t\t\t\t\t<\/div>\n\t\t\t\t\t<\/div>\n\t\t<\/section>\n\t\t\t\t<section class=\"elementor-section elementor-top-section elementor-element elementor-element-19f6350 elementor-section-boxed elementor-section-height-default elementor-section-height-default\" data-id=\"19f6350\" data-element_type=\"section\">\n\t\t\t\t\t\t<div class=\"elementor-container elementor-column-gap-default\">\n\t\t\t\t\t\t\t<div class=\"elementor-row\">\n\t\t\t\t\t<div class=\"elementor-column elementor-col-100 elementor-top-column elementor-element elementor-element-32b13af\" data-id=\"32b13af\" data-element_type=\"column\">\n\t\t\t<div class=\"elementor-column-wrap elementor-element-populated\">\n\t\t\t\t\t\t\t<div class=\"elementor-widget-wrap\">\n\t\t\t\t\t\t<div class=\"elementor-element elementor-element-1b69306 elementor-widget elementor-widget-text-editor\" data-id=\"1b69306\" data-element_type=\"widget\" data-widget_type=\"text-editor.default\">\n\t\t\t\t<div class=\"elementor-widget-container\">\n\t\t\t\t\t<div class=\"elementor-text-editor elementor-clearfix\"><p>Ich werde einzelne Projekte mit der zeit in den jeweiligen Rubriken einstellen das wirt aber einige zeit in ansprach n\u00e4hmen da ich auch Berufst\u00e4tige bin.<\/p><\/div>\n\t\t\t\t<\/div>\n\t\t\t\t<\/div>\n\t\t\t\t\t\t<\/div>\n\t\t\t\t\t<\/div>\n\t\t<\/div>\n\t\t\t\t\t\t\t\t<\/div>\n\t\t\t\t\t<\/div>\n\t\t<\/section>\n\t\t\t\t\t\t<\/div>\n\t\t\t\t\t\t<\/div>\n\t\t\t\t\t<\/div>\n\t\t","protected":false},"excerpt":{"rendered":"<p>\u00a0 Hier will ich euch zeigen das mann fast alles selber reparieren kann\u00a0 Ich werde einzelne Projekte mit der zeit in den jeweiligen Rubriken einstellen das wirt aber einige zeit in ansprach n\u00e4hmen da ich auch Berufst\u00e4tige bin. Zur\u00fcck Weiter \u00a0 Hier will ich euch zeigen das mann fast alles selber reparieren kann\u00a0 Ich werde [&hellip;]<\/p>\n","protected":false},"author":1,"featured_media":0,"parent":0,"menu_order":0,"comment_status":"closed","ping_status":"closed","template":"","meta":{"spay_email":""},"yoast_head":"<!-- This site is optimized with the Yoast SEO plugin v16.1.1 - https:\/\/yoast.com\/wordpress\/plugins\/seo\/ -->\n<title>Home - selberrepair.de<\/title>\n<link rel=\"canonical\" href=\"http:\/\/selberrepair.de\/\" \/>\n<meta property=\"og:locale\" content=\"de_DE\" \/>\n<meta property=\"og:type\" content=\"article\" \/>\n<meta property=\"og:title\" content=\"Home - selberrepair.de\" \/>\n<meta property=\"og:description\" content=\"\u00a0 Hier will ich euch zeigen das mann fast alles selber reparieren kann\u00a0 Ich werde einzelne Projekte mit der zeit in den jeweiligen Rubriken einstellen das wirt aber einige zeit in ansprach n\u00e4hmen da ich auch Berufst\u00e4tige bin. Zur\u00fcck Weiter \u00a0 Hier will ich euch zeigen das mann fast alles selber reparieren kann\u00a0 Ich werde [&hellip;]\" \/>\n<meta property=\"og:url\" content=\"http:\/\/selberrepair.de\/\" \/>\n<meta property=\"og:site_name\" content=\"selberrepair.de\" \/>\n<meta property=\"article:modified_time\" content=\"2020-09-16T08:58:50+00:00\" \/>\n<meta property=\"og:image\" content=\"http:\/\/selberrepair.de\/wp-content\/uploads\/elementor\/thumbs\/armond-1-orcby5k2rb1w48da8u9x5lp34nh0zae08ucjgowyrk.png\" \/>\n<meta name=\"twitter:card\" content=\"summary_large_image\" \/>\n<script type=\"application\/ld+json\" class=\"yoast-schema-graph\">{\"@context\":\"https:\/\/schema.org\",\"@graph\":[{\"@type\":\"WebSite\",\"@id\":\"http:\/\/selberrepair.de\/#website\",\"url\":\"http:\/\/selberrepair.de\/\",\"name\":\"selberrepair.de\",\"description\":\"\",\"potentialAction\":[{\"@type\":\"SearchAction\",\"target\":\"http:\/\/selberrepair.de\/?s={search_term_string}\",\"query-input\":\"required name=search_term_string\"}],\"inLanguage\":\"de\"},{\"@type\":\"ImageObject\",\"@id\":\"http:\/\/selberrepair.de\/#primaryimage\",\"inLanguage\":\"de\",\"url\":\"http:\/\/selberrepair.de\/wp-content\/uploads\/elementor\/thumbs\/armond-1-orcby5k2rb1w48da8u9x5lp34nh0zae08ucjgowyrk.png\",\"contentUrl\":\"http:\/\/selberrepair.de\/wp-content\/uploads\/elementor\/thumbs\/armond-1-orcby5k2rb1w48da8u9x5lp34nh0zae08ucjgowyrk.png\"},{\"@type\":\"WebPage\",\"@id\":\"http:\/\/selberrepair.de\/#webpage\",\"url\":\"http:\/\/selberrepair.de\/\",\"name\":\"Home - selberrepair.de\",\"isPartOf\":{\"@id\":\"http:\/\/selberrepair.de\/#website\"},\"primaryImageOfPage\":{\"@id\":\"http:\/\/selberrepair.de\/#primaryimage\"},\"datePublished\":\"2020-06-19T14:46:42+00:00\",\"dateModified\":\"2020-09-16T08:58:50+00:00\",\"breadcrumb\":{\"@id\":\"http:\/\/selberrepair.de\/#breadcrumb\"},\"inLanguage\":\"de\",\"potentialAction\":[{\"@type\":\"ReadAction\",\"target\":[\"http:\/\/selberrepair.de\/\"]}]},{\"@type\":\"BreadcrumbList\",\"@id\":\"http:\/\/selberrepair.de\/#breadcrumb\",\"itemListElement\":[{\"@type\":\"ListItem\",\"position\":1,\"item\":{\"@type\":\"WebPage\",\"@id\":\"http:\/\/selberrepair.de\/\",\"url\":\"http:\/\/selberrepair.de\/\",\"name\":\"Startseite\"}},{\"@type\":\"ListItem\",\"position\":2,\"item\":{\"@type\":\"WebPage\",\"@id\":\"http:\/\/selberrepair.de\/\",\"url\":\"http:\/\/selberrepair.de\/\",\"name\":\"Home\"}}]}]}<\/script>\n<!-- \/ Yoast SEO plugin. -->","_links":{"self":[{"href":"https:\/\/selberrepair.de\/index.php?rest_route=\/wp\/v2\/pages\/7"}],"collection":[{"href":"https:\/\/selberrepair.de\/index.php?rest_route=\/wp\/v2\/pages"}],"about":[{"href":"https:\/\/selberrepair.de\/index.php?rest_route=\/wp\/v2\/types\/page"}],"author":[{"embeddable":true,"href":"https:\/\/selberrepair.de\/index.php?rest_route=\/wp\/v2\/users\/1"}],"replies":[{"embeddable":true,"href":"https:\/\/selberrepair.de\/index.php?rest_route=%2Fwp%2Fv2%2Fcomments&post=7"}],"version-history":[{"count":33,"href":"https:\/\/selberrepair.de\/index.php?rest_route=\/wp\/v2\/pages\/7\/revisions"}],"predecessor-version":[{"id":215,"href":"https:\/\/selberrepair.de\/index.php?rest_route=\/wp\/v2\/pages\/7\/revisions\/215"}],"wp:attachment":[{"href":"https:\/\/selberrepair.de\/index.php?rest_route=%2Fwp%2Fv2%2Fmedia&parent=7"}],"curies":[{"name":"wp","href":"https:\/\/api.w.org\/{rel}","templated":true}]}}