{"id":102,"date":"2020-06-20T13:02:43","date_gmt":"2020-06-20T13:02:43","guid":{"rendered":"https:\/\/selberrepair.de\/?page_id=102"},"modified":"2020-06-20T13:02:43","modified_gmt":"2020-06-20T13:02:43","slug":"mein-konto","status":"publish","type":"page","link":"https:\/\/selberrepair.de\/?page_id=102","title":{"rendered":"Mein Konto"},"content":{"rendered":"<div class=\"woocommerce\"><div class=\"woocommerce-notices-wrapper\"><\/div><ul class=\"owp-account-links\"><li class=\"login\"><a href=\"#\" class=\"owp-account-link current\">Anmelden<\/a><\/li><li class=\"or\">Oder<\/li><li class=\"register\"><a href=\"#\" class=\"owp-account-link\">registrieren<\/a><\/li><\/ul>\n\n<div class=\"u-columns col2-set\" id=\"customer_login\">\n\n\t<div class=\"u-column1 col-1\">\n\n\n\t\t<h2>Anmelden<\/h2>\n\n\t\t<form class=\"woocommerce-form woocommerce-form-login login\" method=\"post\">\n\n\t\t\t\n\t\t\t<p class=\"woocommerce-form-row woocommerce-form-row--wide form-row form-row-wide\">\n\t\t\t\t<label for=\"username\">Benutzername oder E-Mail-Adresse&nbsp;<span class=\"required\">*<\/span><\/label>\n\t\t\t\t<input type=\"text\" class=\"woocommerce-Input woocommerce-Input--text input-text\" name=\"username\" id=\"username\" autocomplete=\"username\" value=\"\" \/>\t\t\t<\/p>\n\t\t\t<p class=\"woocommerce-form-row woocommerce-form-row--wide form-row form-row-wide\">\n\t\t\t\t<label for=\"password\">Passwort&nbsp;<span class=\"required\">*<\/span><\/label>\n\t\t\t\t<input class=\"woocommerce-Input woocommerce-Input--text input-text\" type=\"password\" name=\"password\" id=\"password\" autocomplete=\"current-password\" \/>\n\t\t\t<\/p>\n\n\t\t\t\n\t\t\t<p class=\"form-row\">\n\t\t\t\t<label class=\"woocommerce-form__label woocommerce-form__label-for-checkbox woocommerce-form-login__rememberme\">\n\t\t\t\t\t<input class=\"woocommerce-form__input woocommerce-form__input-checkbox\" name=\"rememberme\" type=\"checkbox\" id=\"rememberme\" value=\"forever\" \/> <span>Angemeldet bleiben<\/span>\n\t\t\t\t<\/label>\n\t\t\t\t<input type=\"hidden\" id=\"woocommerce-login-nonce\" name=\"woocommerce-login-nonce\" value=\"a44648b59a\" \/><input type=\"hidden\" name=\"_wp_http_referer\" value=\"\/index.php?rest_route=%2Fwp%2Fv2%2Fpages%2F102\" \/>\t\t\t\t<button type=\"submit\" class=\"woocommerce-button button woocommerce-form-login__submit\" name=\"login\" value=\"Anmelden\">Anmelden<\/button>\n\t\t\t<\/p>\n\t\t\t<p class=\"woocommerce-LostPassword lost_password\">\n\t\t\t\t<a href=\"https:\/\/selberrepair.de\/?page_id=102&#038;lost-password\">Passwort vergessen?<\/a>\n\t\t\t<\/p>\n\n\t\t\t\n\t\t<\/form>\n\n\n\t<\/div>\n\n\t<div class=\"u-column2 col-2\">\n\n\t\t<h2>Neues Kundenkonto anlegen<\/h2>\n\n\t\t<form method=\"post\" class=\"woocommerce-form woocommerce-form-register register\"  >\n\n\t\t\t\n\t\t\t\n\t\t\t<p class=\"woocommerce-form-row woocommerce-form-row--wide form-row form-row-wide\">\n\t\t\t\t<label for=\"reg_email\">E-Mail-Adresse&nbsp;<span class=\"required\">*<\/span><\/label>\n\t\t\t\t<input type=\"email\" class=\"woocommerce-Input woocommerce-Input--text input-text\" name=\"email\" id=\"reg_email\" autocomplete=\"email\" value=\"\" \/>\t\t\t<\/p>\n\n\t\t\t\n\t\t\t\t<p>Ein Passwort wird an Deine E-Mail-Adresse gesendet.<\/p>\n\n\t\t\t\n\t\t\t<div class=\"woocommerce-privacy-policy-text\"><p>Wir verwenden deine personenbezogenen Daten, um eine m\u00f6glichst gute Benutzererfahrung auf dieser Website zu erm\u00f6glichen, den Zugriff auf dein Konto zu verwalten und f\u00fcr weitere Zwecke, die in unserer <a href=\"https:\/\/selberrepair.de\/?page_id=34\" class=\"woocommerce-privacy-policy-link\" target=\"_blank\">Datenschutzerkl\u00e4rung<\/a> beschrieben sind.<\/p>\n<\/div>\n\t\t\t<p class=\"woocommerce-form-row form-row\">\n\t\t\t\t<input type=\"hidden\" id=\"woocommerce-register-nonce\" name=\"woocommerce-register-nonce\" value=\"b63c6cac9c\" \/><input type=\"hidden\" name=\"_wp_http_referer\" value=\"\/index.php?rest_route=%2Fwp%2Fv2%2Fpages%2F102\" \/>\t\t\t\t<button type=\"submit\" class=\"woocommerce-Button woocommerce-button button woocommerce-form-register__submit\" name=\"register\" value=\"Neues Kundenkonto anlegen\">Neues Kundenkonto anlegen<\/button>\n\t\t\t<\/p>\n\n\t\t\t\n\t\t<\/form>\n\n\t<\/div>\n\n<\/div>\n\n<\/div>\n","protected":false},"excerpt":{"rendered":"","protected":false},"author":1,"featured_media":0,"parent":0,"menu_order":0,"comment_status":"closed","ping_status":"closed","template":"","meta":{"spay_email":""},"yoast_head":"<!-- This site is optimized with the Yoast SEO plugin v16.1.1 - https:\/\/yoast.com\/wordpress\/plugins\/seo\/ -->\n<title>Mein Konto - selberrepair.de<\/title>\n<link rel=\"canonical\" href=\"https:\/\/selberrepair.de\/?page_id=102\" \/>\n<meta property=\"og:locale\" content=\"de_DE\" \/>\n<meta property=\"og:type\" content=\"article\" \/>\n<meta property=\"og:title\" content=\"Mein Konto - selberrepair.de\" \/>\n<meta property=\"og:url\" content=\"https:\/\/selberrepair.de\/?page_id=102\" \/>\n<meta property=\"og:site_name\" content=\"selberrepair.de\" \/>\n<meta name=\"twitter:card\" content=\"summary_large_image\" \/>\n<script type=\"application\/ld+json\" class=\"yoast-schema-graph\">{\"@context\":\"https:\/\/schema.org\",\"@graph\":[{\"@type\":\"WebSite\",\"@id\":\"http:\/\/selberrepair.de\/#website\",\"url\":\"http:\/\/selberrepair.de\/\",\"name\":\"selberrepair.de\",\"description\":\"\",\"potentialAction\":[{\"@type\":\"SearchAction\",\"target\":\"http:\/\/selberrepair.de\/?s={search_term_string}\",\"query-input\":\"required name=search_term_string\"}],\"inLanguage\":\"de\"},{\"@type\":\"WebPage\",\"@id\":\"https:\/\/selberrepair.de\/?page_id=102#webpage\",\"url\":\"https:\/\/selberrepair.de\/?page_id=102\",\"name\":\"Mein Konto - selberrepair.de\",\"isPartOf\":{\"@id\":\"http:\/\/selberrepair.de\/#website\"},\"datePublished\":\"2020-06-20T13:02:43+00:00\",\"dateModified\":\"2020-06-20T13:02:43+00:00\",\"breadcrumb\":{\"@id\":\"https:\/\/selberrepair.de\/?page_id=102#breadcrumb\"},\"inLanguage\":\"de\",\"potentialAction\":[{\"@type\":\"ReadAction\",\"target\":[\"https:\/\/selberrepair.de\/?page_id=102\"]}]},{\"@type\":\"BreadcrumbList\",\"@id\":\"https:\/\/selberrepair.de\/?page_id=102#breadcrumb\",\"itemListElement\":[{\"@type\":\"ListItem\",\"position\":1,\"item\":{\"@type\":\"WebPage\",\"@id\":\"http:\/\/selberrepair.de\/\",\"url\":\"http:\/\/selberrepair.de\/\",\"name\":\"Startseite\"}},{\"@type\":\"ListItem\",\"position\":2,\"item\":{\"@type\":\"WebPage\",\"@id\":\"https:\/\/selberrepair.de\/?page_id=102\",\"url\":\"https:\/\/selberrepair.de\/?page_id=102\",\"name\":\"Mein Konto\"}}]}]}<\/script>\n<!-- \/ Yoast SEO plugin. -->","_links":{"self":[{"href":"https:\/\/selberrepair.de\/index.php?rest_route=\/wp\/v2\/pages\/102"}],"collection":[{"href":"https:\/\/selberrepair.de\/index.php?rest_route=\/wp\/v2\/pages"}],"about":[{"href":"https:\/\/selberrepair.de\/index.php?rest_route=\/wp\/v2\/types\/page"}],"author":[{"embeddable":true,"href":"https:\/\/selberrepair.de\/index.php?rest_route=\/wp\/v2\/users\/1"}],"replies":[{"embeddable":true,"href":"https:\/\/selberrepair.de\/index.php?rest_route=%2Fwp%2Fv2%2Fcomments&post=102"}],"version-history":[{"count":0,"href":"https:\/\/selberrepair.de\/index.php?rest_route=\/wp\/v2\/pages\/102\/revisions"}],"wp:attachment":[{"href":"https:\/\/selberrepair.de\/index.php?rest_route=%2Fwp%2Fv2%2Fmedia&parent=102"}],"curies":[{"name":"wp","href":"https:\/\/api.w.org\/{rel}","templated":true}]}}